{"id":3,"date":"2026-04-15T18:42:01","date_gmt":"2026-04-15T18:42:01","guid":{"rendered":"http:\/\/loradelacruz.yoga\/?page_id=3"},"modified":"2026-04-16T00:22:53","modified_gmt":"2026-04-16T00:22:53","slug":"privacy-policy","status":"publish","type":"page","link":"https:\/\/loradelacruz.yoga\/?page_id=3","title":{"rendered":"Datenschutz"},"content":{"rendered":"\n<h2 class=\"wp-block-heading\">1. Datenschutz auf einen Blick<\/h2>\n\n\n\n<p>Die Betreiberin dieser Seiten nimmt den Schutz Ihrer pers\u00f6nlichen Daten sehr ernst. Wir behandeln Ihre personenbezogenen Daten vertraulich und entsprechend den gesetzlichen Datenschutzvorschriften sowie dieser Datenschutzerkl\u00e4rung.<\/p>\n\n\n\n<p>2. Datenerfassung auf dieser Website<\/p>\n\n\n\n<p><strong>Wer ist verantwortlich f\u00fcr die Datenerfassung auf dieser Website?<\/strong><br>Die Datenverarbeitung auf dieser Website erfolgt durch die Websitebetreiberin:<br>Kerstin Lora de la Cruz<br>[Playa Palmer, Beach 1, 23000 Punta Cana]<br>E-Mail: [info@loradelacruz]<\/p>\n\n\n\n<p><strong>Wie erfassen wir Ihre Daten?<\/strong><br>Ihre Daten werden zum einen dadurch erhoben, dass Sie uns diese mitteilen. Hierbei kann es sich z. B. um Daten handeln, die Sie in ein Kontaktformular oder bei der Anmeldung zum Newsletter (via systeme.io) eingeben. Andere Daten werden automatisch beim Besuch der Website durch unsere IT-Systeme erfasst (z. B. Internetbrowser, Betriebssystem oder Uhrzeit des Seitenaufrufs).<\/p>\n\n\n\n<p>3. Hosting<\/p>\n\n\n\n<p>Wir hosten unsere Website bei Namecheap (EasyWP). Anbieter ist Namecheap, Inc., 4600 East Washington Street, Suite 305, Phoenix, AZ 85034, USA. Namecheap speichert Protokolldaten, um den Betrieb der Website sicherzustellen.<\/p>\n\n\n\n<p>4. Newsletter und Buch-Warteliste (systeme.io)<\/p>\n\n\n\n<p>Wenn Sie sich f\u00fcr unsere Warteliste oder unseren Newsletter anmelden, werden die von Ihnen eingegebenen Daten (Name, E-Mail-Adresse) an den Dienst <strong>systeme.io<\/strong> \u00fcbertragen und dort gespeichert. Wir nutzen diese Daten ausschlie\u00dflich, um Sie \u00fcber das Erscheinen des Buches \u201eDas verwechselte Ich\u201c und relevante Blog-Inhalte zu informieren. Sie k\u00f6nnen sich jederzeit \u00fcber den Link am Ende jeder E-Mail abmelden.<\/p>\n\n\n\n<p>5. Cookies<\/p>\n\n\n\n<p>Diese Website verwendet teilweise so genannte Cookies. Cookies richten auf Ihrem Rechner keinen Schaden an und enthalten keine Viren. Cookies dienen dazu, unser Angebot nutzerfreundlicher, effektiver und sicherer zu machen. Die meisten der von uns verwendeten Cookies sind so genannte \u201eSession-Cookies\u201c. Sie werden nach Ende Ihres Besuchs automatisch gel\u00f6scht.<\/p>\n\n\n\n<p>6. Ihre Rechte<\/p>\n\n\n\n<p>Sie haben jederzeit das Recht, unentgeltlich Auskunft \u00fcber Herkunft, Empf\u00e4nger und Zweck Ihrer gespeicherten personenbezogenen Daten zu erhalten. Sie haben au\u00dferdem ein Recht, die Berichtigung oder L\u00f6schung dieser Daten zu verlangen.<\/p>\n\n\n\n<hr class=\"wp-block-separator has-alpha-channel-opacity\"\/>\n\n\n\n<p><\/p>\n","protected":false},"excerpt":{"rendered":"<p>1. Datenschutz auf einen Blick Die Betreiberin dieser Seiten nimmt den Schutz Ihrer pers\u00f6nlichen Daten sehr ernst. Wir behandeln Ihre [&hellip;]<\/p>\n","protected":false},"author":1,"featured_media":0,"parent":0,"menu_order":0,"comment_status":"closed","ping_status":"open","template":"","meta":{"site-sidebar-layout":"default","site-content-layout":"","ast-site-content-layout":"default","site-content-style":"default","site-sidebar-style":"default","ast-global-header-display":"","ast-banner-title-visibility":"","ast-main-header-display":"","ast-hfb-above-header-display":"","ast-hfb-below-header-display":"","ast-hfb-mobile-header-display":"","site-post-title":"","ast-breadcrumbs-content":"","ast-featured-img":"","footer-sml-layout":"","ast-disable-related-posts":"","theme-transparent-header-meta":"","adv-header-id-meta":"","stick-header-meta":"","header-above-stick-meta":"","header-main-stick-meta":"","header-below-stick-meta":"","astra-migrate-meta-layouts":"default","ast-page-background-enabled":"default","ast-page-background-meta":{"desktop":{"background-color":"var(--ast-global-color-5)","background-image":"","background-repeat":"repeat","background-position":"center center","background-size":"auto","background-attachment":"scroll","background-type":"","background-media":"","overlay-type":"","overlay-color":"","overlay-opacity":"","overlay-gradient":""},"tablet":{"background-color":"","background-image":"","background-repeat":"repeat","background-position":"center center","background-size":"auto","background-attachment":"scroll","background-type":"","background-media":"","overlay-type":"","overlay-color":"","overlay-opacity":"","overlay-gradient":""},"mobile":{"background-color":"","background-image":"","background-repeat":"repeat","background-position":"center center","background-size":"auto","background-attachment":"scroll","background-type":"","background-media":"","overlay-type":"","overlay-color":"","overlay-opacity":"","overlay-gradient":""}},"ast-content-background-meta":{"desktop":{"background-color":"var(--ast-global-color-4)","background-image":"","background-repeat":"repeat","background-position":"center center","background-size":"auto","background-attachment":"scroll","background-type":"","background-media":"","overlay-type":"","overlay-color":"","overlay-opacity":"","overlay-gradient":""},"tablet":{"background-color":"var(--ast-global-color-4)","background-image":"","background-repeat":"repeat","background-position":"center center","background-size":"auto","background-attachment":"scroll","background-type":"","background-media":"","overlay-type":"","overlay-color":"","overlay-opacity":"","overlay-gradient":""},"mobile":{"background-color":"var(--ast-global-color-4)","background-image":"","background-repeat":"repeat","background-position":"center center","background-size":"auto","background-attachment":"scroll","background-type":"","background-media":"","overlay-type":"","overlay-color":"","overlay-opacity":"","overlay-gradient":""}},"footnotes":""},"class_list":["post-3","page","type-page","status-publish","hentry"],"yoast_head":"<!-- This site is optimized with the Yoast SEO plugin v27.4 - https:\/\/yoast.com\/product\/yoast-seo-wordpress\/ -->\n<title>Datenschutz - loradelacruz.yoga<\/title>\n<meta name=\"robots\" content=\"index, follow, max-snippet:-1, max-image-preview:large, max-video-preview:-1\" \/>\n<link rel=\"canonical\" href=\"https:\/\/loradelacruz.yoga\/?page_id=3\" \/>\n<meta property=\"og:locale\" content=\"de_DE\" \/>\n<meta property=\"og:type\" content=\"article\" \/>\n<meta property=\"og:title\" content=\"Datenschutz - loradelacruz.yoga\" \/>\n<meta property=\"og:description\" content=\"1. Datenschutz auf einen Blick Die Betreiberin dieser Seiten nimmt den Schutz Ihrer pers\u00f6nlichen Daten sehr ernst. Wir behandeln Ihre [&hellip;]\" \/>\n<meta property=\"og:url\" content=\"https:\/\/loradelacruz.yoga\/?page_id=3\" \/>\n<meta property=\"og:site_name\" content=\"loradelacruz.yoga\" \/>\n<meta property=\"article:modified_time\" content=\"2026-04-16T00:22:53+00:00\" \/>\n<meta name=\"twitter:card\" content=\"summary_large_image\" \/>\n<meta name=\"twitter:label1\" content=\"Gesch\u00e4tzte Lesezeit\" \/>\n\t<meta name=\"twitter:data1\" content=\"2\u00a0Minuten\" \/>\n<script type=\"application\/ld+json\" class=\"yoast-schema-graph\">{\"@context\":\"https:\\\/\\\/schema.org\",\"@graph\":[{\"@type\":\"WebPage\",\"@id\":\"https:\\\/\\\/loradelacruz.yoga\\\/?page_id=3\",\"url\":\"https:\\\/\\\/loradelacruz.yoga\\\/?page_id=3\",\"name\":\"Datenschutz - loradelacruz.yoga\",\"isPartOf\":{\"@id\":\"https:\\\/\\\/loradelacruz.yoga\\\/#website\"},\"datePublished\":\"2026-04-15T18:42:01+00:00\",\"dateModified\":\"2026-04-16T00:22:53+00:00\",\"breadcrumb\":{\"@id\":\"https:\\\/\\\/loradelacruz.yoga\\\/?page_id=3#breadcrumb\"},\"inLanguage\":\"de\",\"potentialAction\":[{\"@type\":\"ReadAction\",\"target\":[\"https:\\\/\\\/loradelacruz.yoga\\\/?page_id=3\"]}]},{\"@type\":\"BreadcrumbList\",\"@id\":\"https:\\\/\\\/loradelacruz.yoga\\\/?page_id=3#breadcrumb\",\"itemListElement\":[{\"@type\":\"ListItem\",\"position\":1,\"name\":\"Home\",\"item\":\"https:\\\/\\\/loradelacruz.yoga\\\/\"},{\"@type\":\"ListItem\",\"position\":2,\"name\":\"Datenschutz\"}]},{\"@type\":\"WebSite\",\"@id\":\"https:\\\/\\\/loradelacruz.yoga\\\/#website\",\"url\":\"https:\\\/\\\/loradelacruz.yoga\\\/\",\"name\":\"loradelacruz.yoga\",\"description\":\"\",\"potentialAction\":[{\"@type\":\"SearchAction\",\"target\":{\"@type\":\"EntryPoint\",\"urlTemplate\":\"https:\\\/\\\/loradelacruz.yoga\\\/?s={search_term_string}\"},\"query-input\":{\"@type\":\"PropertyValueSpecification\",\"valueRequired\":true,\"valueName\":\"search_term_string\"}}],\"inLanguage\":\"de\"}]}<\/script>\n<!-- \/ Yoast SEO plugin. -->","yoast_head_json":{"title":"Datenschutz - loradelacruz.yoga","robots":{"index":"index","follow":"follow","max-snippet":"max-snippet:-1","max-image-preview":"max-image-preview:large","max-video-preview":"max-video-preview:-1"},"canonical":"https:\/\/loradelacruz.yoga\/?page_id=3","og_locale":"de_DE","og_type":"article","og_title":"Datenschutz - loradelacruz.yoga","og_description":"1. Datenschutz auf einen Blick Die Betreiberin dieser Seiten nimmt den Schutz Ihrer pers\u00f6nlichen Daten sehr ernst. Wir behandeln Ihre [&hellip;]","og_url":"https:\/\/loradelacruz.yoga\/?page_id=3","og_site_name":"loradelacruz.yoga","article_modified_time":"2026-04-16T00:22:53+00:00","twitter_card":"summary_large_image","twitter_misc":{"Gesch\u00e4tzte Lesezeit":"2\u00a0Minuten"},"schema":{"@context":"https:\/\/schema.org","@graph":[{"@type":"WebPage","@id":"https:\/\/loradelacruz.yoga\/?page_id=3","url":"https:\/\/loradelacruz.yoga\/?page_id=3","name":"Datenschutz - loradelacruz.yoga","isPartOf":{"@id":"https:\/\/loradelacruz.yoga\/#website"},"datePublished":"2026-04-15T18:42:01+00:00","dateModified":"2026-04-16T00:22:53+00:00","breadcrumb":{"@id":"https:\/\/loradelacruz.yoga\/?page_id=3#breadcrumb"},"inLanguage":"de","potentialAction":[{"@type":"ReadAction","target":["https:\/\/loradelacruz.yoga\/?page_id=3"]}]},{"@type":"BreadcrumbList","@id":"https:\/\/loradelacruz.yoga\/?page_id=3#breadcrumb","itemListElement":[{"@type":"ListItem","position":1,"name":"Home","item":"https:\/\/loradelacruz.yoga\/"},{"@type":"ListItem","position":2,"name":"Datenschutz"}]},{"@type":"WebSite","@id":"https:\/\/loradelacruz.yoga\/#website","url":"https:\/\/loradelacruz.yoga\/","name":"loradelacruz.yoga","description":"","potentialAction":[{"@type":"SearchAction","target":{"@type":"EntryPoint","urlTemplate":"https:\/\/loradelacruz.yoga\/?s={search_term_string}"},"query-input":{"@type":"PropertyValueSpecification","valueRequired":true,"valueName":"search_term_string"}}],"inLanguage":"de"}]}},"_links":{"self":[{"href":"https:\/\/loradelacruz.yoga\/index.php?rest_route=\/wp\/v2\/pages\/3","targetHints":{"allow":["GET"]}}],"collection":[{"href":"https:\/\/loradelacruz.yoga\/index.php?rest_route=\/wp\/v2\/pages"}],"about":[{"href":"https:\/\/loradelacruz.yoga\/index.php?rest_route=\/wp\/v2\/types\/page"}],"author":[{"embeddable":true,"href":"https:\/\/loradelacruz.yoga\/index.php?rest_route=\/wp\/v2\/users\/1"}],"replies":[{"embeddable":true,"href":"https:\/\/loradelacruz.yoga\/index.php?rest_route=%2Fwp%2Fv2%2Fcomments&post=3"}],"version-history":[{"count":1,"href":"https:\/\/loradelacruz.yoga\/index.php?rest_route=\/wp\/v2\/pages\/3\/revisions"}],"predecessor-version":[{"id":22,"href":"https:\/\/loradelacruz.yoga\/index.php?rest_route=\/wp\/v2\/pages\/3\/revisions\/22"}],"wp:attachment":[{"href":"https:\/\/loradelacruz.yoga\/index.php?rest_route=%2Fwp%2Fv2%2Fmedia&parent=3"}],"curies":[{"name":"wp","href":"https:\/\/api.w.org\/{rel}","templated":true}]}}